{"id":13,"date":"2014-10-06T18:14:16","date_gmt":"2014-10-06T17:14:16","guid":{"rendered":"https:\/\/www.bocentrum.se\/filipstad\/?page_id=13"},"modified":"2021-04-29T18:09:39","modified_gmt":"2021-04-29T17:09:39","slug":"sponsorstod","status":"publish","type":"page","link":"https:\/\/www.bocentrum.se\/filipstad\/sponsorstod\/","title":{"rendered":"Sponsorst\u00f6d"},"content":{"rendered":"<div class=\"row\"><span data-mce-type=\"bookmark\" style=\"width: 0px;overflow: hidden;line-height: 0\" class=\"mce_SELRES_start\">\ufeff<\/span><\/p>\n<div class=\"col-md-offset-3 col-md-6 col-xs-12\">\n<h3>V\u00e5rt unika sponsorst\u00f6d<\/h3>\n<\/div>\n<\/div>\n<div class=\"row\">\n<div class=\"col-md-offset-3 col-md-6 col-xs-12\">\n<p>V\u00e5rt unika sponsorst\u00f6d inneb\u00e4r att en viss del av varje m\u00e4klarprovision g\u00e5r direkt vidare till ungdomsverksamheten hos idrottsf\u00f6reningar och vissa andra f\u00f6reningar i Filipstads kommun.<\/p>\n<h4>Bocentrum i Kristinehamn<\/h4>\n<p>Bocentrum i Kristinehamn har sk\u00e4nkt n\u00e4rmare 2 000 000 kr i sponsorst\u00f6d. I januari \u00e5r 2002 passerade de 500 000 kr, under oktober 2009 passerade de 1 000 000 kr och i december 2015 passerade de 1 500 000 kr i sponsorst\u00f6d till ungdomsverksamhet hos tio idrottsf\u00f6reningar i Kristinehamn. I slutet av 2019 n\u00e4rmade de sig 2 000 000 kr!<\/p>\n<h4>Bocentrum i Filipstad<\/h4>\n<p>Vi \u00e4r stolta \u00f6ver att f\u00e5 vara en del av Bocentrum och kommer givetvis att ha samma sponsorst\u00f6d i Filipstad. Vi ser fram emot att f\u00e5 sponsra de idrottsf\u00f6reningar som finns i Filipstads kommun.<\/p>\n<\/div>\n<\/div>\n","protected":false},"excerpt":{"rendered":"<p>\ufeff V\u00e5rt unika sponsorst\u00f6d V\u00e5rt unika sponsorst\u00f6d inneb\u00e4r att en viss del av varje m\u00e4klarprovision g\u00e5r direkt vidare till ungdomsverksamheten hos idrottsf\u00f6reningar och vissa andra f\u00f6reningar i Filipstads kommun. Bocentrum [&hellip;]<\/p>\n","protected":false},"author":3,"featured_media":0,"parent":0,"menu_order":0,"comment_status":"closed","ping_status":"closed","template":"page-full-width.php","meta":{"_acf_changed":false,"footnotes":""},"acf":[],"_links":{"self":[{"href":"https:\/\/www.bocentrum.se\/filipstad\/wp-json\/wp\/v2\/pages\/13"}],"collection":[{"href":"https:\/\/www.bocentrum.se\/filipstad\/wp-json\/wp\/v2\/pages"}],"about":[{"href":"https:\/\/www.bocentrum.se\/filipstad\/wp-json\/wp\/v2\/types\/page"}],"author":[{"embeddable":true,"href":"https:\/\/www.bocentrum.se\/filipstad\/wp-json\/wp\/v2\/users\/3"}],"replies":[{"embeddable":true,"href":"https:\/\/www.bocentrum.se\/filipstad\/wp-json\/wp\/v2\/comments?post=13"}],"version-history":[{"count":16,"href":"https:\/\/www.bocentrum.se\/filipstad\/wp-json\/wp\/v2\/pages\/13\/revisions"}],"predecessor-version":[{"id":162,"href":"https:\/\/www.bocentrum.se\/filipstad\/wp-json\/wp\/v2\/pages\/13\/revisions\/162"}],"wp:attachment":[{"href":"https:\/\/www.bocentrum.se\/filipstad\/wp-json\/wp\/v2\/media?parent=13"}],"curies":[{"name":"wp","href":"https:\/\/api.w.org\/{rel}","templated":true}]}}