{"id":2,"date":"2014-10-06T16:55:14","date_gmt":"2014-10-06T15:55:14","guid":{"rendered":"http:\/\/bocentrum.se\/?page_id=2"},"modified":"2021-04-29T18:13:55","modified_gmt":"2021-04-29T17:13:55","slug":"anlita-oss","status":"publish","type":"page","link":"https:\/\/www.bocentrum.se\/filipstad\/anlita-oss\/","title":{"rendered":"Anlita oss"},"content":{"rendered":"<div class=\"row\">\n<div class=\"col-md-offset-1 col-md-6 col-xs-12\">\n<h3>TRE ANLEDNINGAR TILL ATT ANLITA OSS:<\/h3>\n<\/div>\n<\/div>\n<div class=\"row\">\n<div class=\"col-md-offset-1 col-md-5 col-xs-12\">\n<h4><\/h4>\n<h4>1. M\u00c4KLARPROVISIONEN<\/h4>\n<p>V\u00e5r m\u00e4klarprovision \u00e4r mycket konkurrenskraftig och v\u00e5rt m\u00e5l \u00e4r alltid att kunna ge dig ett s\u00e5 bra erbjudande som m\u00f6jligt.<\/p>\n<p>Ring oss f\u00f6r att h\u00f6ra om v\u00e5ra priser och vad som ing\u00e5r i f\u00f6rmedlingsuppdraget.<\/p>\n<h4>2. ERFARENHET OCH KUNSKAP<\/h4>\n<p>N\u00e4r du v\u00e4ljer att anlita oss kan du k\u00e4nna dig trygg med att vi har erfarenheten och kunskapen som kr\u00e4vs f\u00f6r en s\u00e4ker fastighetsaff\u00e4r.<\/p>\n<h4>3. V\u00c5RT UNIKA SPONSORST\u00d6D<\/h4>\n<p>Vi sk\u00e4nker en del av varje m\u00e4klarprovision till ungdomsverksamhet och f\u00f6reningar i Filipstads kommun.<br \/>\nMer om detta finns att l\u00e4sa under fliken \u201dSponsorst\u00f6d\u201d.<\/p>\n<\/div>\n<div class=\"col-md-5 col-xs-12\">\n<h4><\/h4>\n<h4>DESSUTOM:<\/h4>\n<p>Vi har ett centralt bel\u00e4get kontor p\u00e5 Hertig Karlsgatan 25 i Filipstad med fri parkering utanf\u00f6r kontoret och \u00e4ven p\u00e5 baksidan. V\u00e5ra stora skyltf\u00f6nster g\u00f6r att vi exponerar ditt hus\/bostadsr\u00e4tt\/fritidshus p\u00e5 b\u00e4sta s\u00e4tt.<\/p>\n<p>F\u00f6rutom annonsering i tidningar s\u00e5 marknadsf\u00f6r vi \u00e4ven ditt objekt p\u00e5 v\u00e5r hemsida bocentrum.se, blocket.se, booli.se och givetvis p\u00e5 hemnet.se (Sveriges st\u00f6rsta bostadsmarknad).<\/p>\n<p>Vi \u00e4r inte bundna till n\u00e5gon specifik bank, utan samarbetar med alla banker.<\/p>\n<\/div>\n<\/div>\n","protected":false},"excerpt":{"rendered":"<p>TRE ANLEDNINGAR TILL ATT ANLITA OSS: 1. M\u00c4KLARPROVISIONEN V\u00e5r m\u00e4klarprovision \u00e4r mycket konkurrenskraftig och v\u00e5rt m\u00e5l \u00e4r alltid att kunna ge dig ett s\u00e5 bra erbjudande som m\u00f6jligt. Ring oss [&hellip;]<\/p>\n","protected":false},"author":3,"featured_media":0,"parent":0,"menu_order":0,"comment_status":"closed","ping_status":"closed","template":"page-full-width.php","meta":{"_acf_changed":false,"footnotes":""},"acf":[],"_links":{"self":[{"href":"https:\/\/www.bocentrum.se\/filipstad\/wp-json\/wp\/v2\/pages\/2"}],"collection":[{"href":"https:\/\/www.bocentrum.se\/filipstad\/wp-json\/wp\/v2\/pages"}],"about":[{"href":"https:\/\/www.bocentrum.se\/filipstad\/wp-json\/wp\/v2\/types\/page"}],"author":[{"embeddable":true,"href":"https:\/\/www.bocentrum.se\/filipstad\/wp-json\/wp\/v2\/users\/3"}],"replies":[{"embeddable":true,"href":"https:\/\/www.bocentrum.se\/filipstad\/wp-json\/wp\/v2\/comments?post=2"}],"version-history":[{"count":18,"href":"https:\/\/www.bocentrum.se\/filipstad\/wp-json\/wp\/v2\/pages\/2\/revisions"}],"predecessor-version":[{"id":163,"href":"https:\/\/www.bocentrum.se\/filipstad\/wp-json\/wp\/v2\/pages\/2\/revisions\/163"}],"wp:attachment":[{"href":"https:\/\/www.bocentrum.se\/filipstad\/wp-json\/wp\/v2\/media?parent=2"}],"curies":[{"name":"wp","href":"https:\/\/api.w.org\/{rel}","templated":true}]}}