{"id":45,"date":"2015-11-04T08:11:02","date_gmt":"2015-11-04T07:11:02","guid":{"rendered":"https:\/\/www.bocentrum.se\/filipstad\/?page_id=45"},"modified":"2015-11-04T08:11:02","modified_gmt":"2015-11-04T07:11:02","slug":"cookies","status":"publish","type":"page","link":"https:\/\/www.bocentrum.se\/filipstad\/cookies\/","title":{"rendered":"Cookies"},"content":{"rendered":"<div class=\"row\">\n<div class=\"col-lg-offset-2 col-lg-8 col-md-offset-1 col-md-10 col-xs-12\">\n<h2>Om Cookies<\/h2>\n<p>Bocentrum.se anv\u00e4nder cookies. Lagen om elektronisk kommunikation kr\u00e4ver att alla som bes\u00f6ker v\u00e5r webbplats f\u00e5r information om hur vi anv\u00e4nder Cookies. Cookies \u00e4r en liten textfil som lagras i bes\u00f6karens dator.<\/p>\n<h2>Cookies enligt Post- och telestyrelsen<\/h2>\n<p>Mer om Cookies kan du l\u00e4sa p\u00e5 <a href=\"http:\/\/www.pts.se\/sv\/Bransch\/Regler\/Lagar\/Lag-om-elektronisk-kommunikation\/Cookies-kakor\/\" target=\"_blank\">PTS webbplats<\/a>.<\/p>\n<h2>Bocentrum cookies<\/h2>\n<p>P\u00e5 bocentrum.se och dess undersidor anv\u00e4nds cookies f\u00f6r att samla statistik och f\u00f6r att sammanst\u00e4lla och analysera information om de som bes\u00f6ker v\u00e5r webbplats. Informationen anv\u00e4nds bland annat till att se hur m\u00e5nga som bes\u00f6ker v\u00e5r webbplats, var de kommer ifr\u00e5n, vilken webbl\u00e4sare de anv\u00e4nder, hur sidan anv\u00e4nds och eventuella val som g\u00f6rs p\u00e5 webbplatsen.<\/p>\n<h2>Google Analytics<\/h2>\n<p>F\u00f6r statistiken anv\u00e4nder vi Google Analytics. Tj\u00e4nsten tillhandah\u00e5lls av Google och anv\u00e4nder permanenta cookies f\u00f6r att kunna analysera webbplatsens anv\u00e4ndning. Informationen vidarebefordras och lagras av Google i USA f\u00f6r att sammanst\u00e4lla rapporter p\u00e5 aktiviteter och anv\u00e4ndning av Bocentrums webbplats. Google kan \u00f6verf\u00f6ra denna information till tredje part om det enligt lag kr\u00e4vs eller d\u00e5 en tredje part behandlar informationen p\u00e5 uppdrag av Google. Google kopplar inte samman IP-adresser med \u00f6vrig data som Google har.\n<\/p><\/div>\n<\/div>\n","protected":false},"excerpt":{"rendered":"<p>Om Cookies Bocentrum.se anv\u00e4nder cookies. Lagen om elektronisk kommunikation kr\u00e4ver att alla som bes\u00f6ker v\u00e5r webbplats f\u00e5r information om hur vi anv\u00e4nder Cookies. Cookies \u00e4r en liten textfil som lagras [&hellip;]<\/p>\n","protected":false},"author":3,"featured_media":0,"parent":0,"menu_order":0,"comment_status":"closed","ping_status":"closed","template":"page-full-width.php","meta":{"_acf_changed":false,"footnotes":""},"acf":[],"_links":{"self":[{"href":"https:\/\/www.bocentrum.se\/filipstad\/wp-json\/wp\/v2\/pages\/45"}],"collection":[{"href":"https:\/\/www.bocentrum.se\/filipstad\/wp-json\/wp\/v2\/pages"}],"about":[{"href":"https:\/\/www.bocentrum.se\/filipstad\/wp-json\/wp\/v2\/types\/page"}],"author":[{"embeddable":true,"href":"https:\/\/www.bocentrum.se\/filipstad\/wp-json\/wp\/v2\/users\/3"}],"replies":[{"embeddable":true,"href":"https:\/\/www.bocentrum.se\/filipstad\/wp-json\/wp\/v2\/comments?post=45"}],"version-history":[{"count":1,"href":"https:\/\/www.bocentrum.se\/filipstad\/wp-json\/wp\/v2\/pages\/45\/revisions"}],"predecessor-version":[{"id":46,"href":"https:\/\/www.bocentrum.se\/filipstad\/wp-json\/wp\/v2\/pages\/45\/revisions\/46"}],"wp:attachment":[{"href":"https:\/\/www.bocentrum.se\/filipstad\/wp-json\/wp\/v2\/media?parent=45"}],"curies":[{"name":"wp","href":"https:\/\/api.w.org\/{rel}","templated":true}]}}